{"id":8125,"date":"2026-03-23T13:24:24","date_gmt":"2026-03-23T12:24:24","guid":{"rendered":"http:\/\/geolab.www.civilnova.com\/?page_id=8125"},"modified":"2026-03-23T15:43:32","modified_gmt":"2026-03-23T14:43:32","slug":"integracion-y-compatibilidad-con-ecosistemas-bim-y-cws","status":"publish","type":"page","link":"https:\/\/geolab.www.civilnova.com\/en\/integracion-y-compatibilidad-con-ecosistemas-bim-y-cws\/","title":{"rendered":"Integration and compatibility with BIM and CWS ecosystems"},"content":{"rendered":"<div data-elementor-type=\"wp-page\" data-elementor-id=\"8125\" class=\"elementor elementor-8125\">\n\t\t\t\t<div class=\"elementor-element elementor-element-4236672 e-flex e-con-boxed e-con e-parent\" data-id=\"4236672\" data-element_type=\"container\" data-e-type=\"container\">\n\t\t\t\t\t<div class=\"e-con-inner\">\n\t\t\t\t<div class=\"elementor-element elementor-element-b92a971 elementor-widget elementor-widget-heading\" data-id=\"b92a971\" data-element_type=\"widget\" data-e-type=\"widget\" data-widget_type=\"heading.default\">\n\t\t\t\t\t<h2 class=\"elementor-heading-title elementor-size-default\"> Integration and compatibility with BIM and CWS ecosystems<\/h2>\t\t\t\t<\/div>\n\t\t\t\t<div class=\"elementor-element elementor-element-9353f76 elementor-widget elementor-widget-text-editor\" data-id=\"9353f76\" data-element_type=\"widget\" data-e-type=\"widget\" data-widget_type=\"text-editor.default\">\n\t\t\t\t\t\t\t\t\t<p>GEOLAB is designed for easy integration with other systems and workflows, including the CWS (Civilworks Web Services) ecosystem and BIM tools. It allows data to be exported to standard formats such as IFC or integrated into specialized solutions like Leapfrog GEO, ensuring interoperability and digital continuity in complex infrastructure projects.<\/p>\t\t\t\t\t\t\t\t<\/div>\n\t\t\t\t<div class=\"elementor-element elementor-element-6929fd2 elementor-widget elementor-widget-image\" data-id=\"6929fd2\" data-element_type=\"widget\" data-e-type=\"widget\" data-widget_type=\"image.default\">\n\t\t\t\t\t\t\t\t\t\t\t\t\t\t\t<img fetchpriority=\"high\" decoding=\"async\" width=\"800\" height=\"533\" src=\"https:\/\/geolab.www.civilnova.com\/wp-content\/uploads\/2026\/03\/probetas.jpg\" class=\"attachment-large size-large wp-image-7996\" alt=\"\" srcset=\"https:\/\/geolab.www.civilnova.com\/wp-content\/uploads\/2026\/03\/probetas.jpg 800w, https:\/\/geolab.www.civilnova.com\/wp-content\/uploads\/2026\/03\/probetas-300x200.jpg 300w, https:\/\/geolab.www.civilnova.com\/wp-content\/uploads\/2026\/03\/probetas-18x12.jpg 18w, https:\/\/geolab.www.civilnova.com\/wp-content\/uploads\/2026\/03\/probetas-600x400.jpg 600w\" sizes=\"100vw\" \/>\t\t\t\t\t\t\t\t\t\t\t\t\t\t\t<\/div>\n\t\t\t\t\t<\/div>\n\t\t\t\t<\/div>\n\t\t\t\t<\/div>","protected":false},"excerpt":{"rendered":"<p>Integraci\u00f3n y compatibilidad con ecosistemas BIM y CWS GEOLAB est\u00e1 dise\u00f1ada para integrarse f\u00e1cilmente con otros sistemas y flujos de trabajo, incluyendo el ecosistema CWS (Civilworks Web Services) y herramientas BIM. Permite exportar datos a formatos est\u00e1ndar como IFC o integrarlos en soluciones especializadas como Leapfrog GEO, garantizando interoperabilidad y continuidad digital en proyectos de &hellip; <\/p>\n<p class=\"link-more\"><a href=\"https:\/\/geolab.www.civilnova.com\/en\/integracion-y-compatibilidad-con-ecosistemas-bim-y-cws\/\" class=\"more-link\">Read more<span class=\"screen-reader-text\"> \u00abIntegraci\u00f3n y compatibilidad con ecosistemas BIM y CWS\u00bb<\/span><\/a><\/p>","protected":false},"author":1,"featured_media":0,"parent":0,"menu_order":0,"comment_status":"closed","ping_status":"closed","template":"","meta":{"inspiro_hide_title":false,"footnotes":""},"class_list":["post-8125","page","type-page","status-publish","hentry"],"featured_media_urls":[],"_links":{"self":[{"href":"https:\/\/geolab.www.civilnova.com\/en\/wp-json\/wp\/v2\/pages\/8125","targetHints":{"allow":["GET"]}}],"collection":[{"href":"https:\/\/geolab.www.civilnova.com\/en\/wp-json\/wp\/v2\/pages"}],"about":[{"href":"https:\/\/geolab.www.civilnova.com\/en\/wp-json\/wp\/v2\/types\/page"}],"author":[{"embeddable":true,"href":"https:\/\/geolab.www.civilnova.com\/en\/wp-json\/wp\/v2\/users\/1"}],"replies":[{"embeddable":true,"href":"https:\/\/geolab.www.civilnova.com\/en\/wp-json\/wp\/v2\/comments?post=8125"}],"version-history":[{"count":7,"href":"https:\/\/geolab.www.civilnova.com\/en\/wp-json\/wp\/v2\/pages\/8125\/revisions"}],"predecessor-version":[{"id":8209,"href":"https:\/\/geolab.www.civilnova.com\/en\/wp-json\/wp\/v2\/pages\/8125\/revisions\/8209"}],"wp:attachment":[{"href":"https:\/\/geolab.www.civilnova.com\/en\/wp-json\/wp\/v2\/media?parent=8125"}],"curies":[{"name":"wp","href":"https:\/\/api.w.org\/{rel}","templated":true}]}}