{"id":8124,"date":"2026-03-23T13:24:30","date_gmt":"2026-03-23T12:24:30","guid":{"rendered":"http:\/\/geolab.www.civilnova.com\/?page_id=8124"},"modified":"2026-03-23T15:43:06","modified_gmt":"2026-03-23T14:43:06","slug":"automatizacion-de-reportes-y-generacion-de-informes","status":"publish","type":"page","link":"https:\/\/geolab.www.civilnova.com\/en\/automatizacion-de-reportes-y-generacion-de-informes\/","title":{"rendered":"Report automation and report generation"},"content":{"rendered":"<div data-elementor-type=\"wp-page\" data-elementor-id=\"8124\" class=\"elementor elementor-8124\">\n\t\t\t\t<div class=\"elementor-element elementor-element-4236672 e-flex e-con-boxed e-con e-parent\" data-id=\"4236672\" data-element_type=\"container\" data-e-type=\"container\">\n\t\t\t\t\t<div class=\"e-con-inner\">\n\t\t\t\t<div class=\"elementor-element elementor-element-b92a971 elementor-widget elementor-widget-heading\" data-id=\"b92a971\" data-element_type=\"widget\" data-e-type=\"widget\" data-widget_type=\"heading.default\">\n\t\t\t\t\t<h2 class=\"elementor-heading-title elementor-size-default\"> Report automation and report generation<\/h2>\t\t\t\t<\/div>\n\t\t\t\t<div class=\"elementor-element elementor-element-9353f76 elementor-widget elementor-widget-text-editor\" data-id=\"9353f76\" data-element_type=\"widget\" data-e-type=\"widget\" data-widget_type=\"text-editor.default\">\n\t\t\t\t\t\t\t\t\t<p>GEOLAB transforms the creation of technical reports by automating reports, including borehole columns and complex technical documentation, in a matter of seconds. Thanks to its template system, it guarantees consistency, saves time, and reduces errors. Furthermore, it allows you to export information in multiple formats for processing or integration into other systems, improving workflow efficiency.<\/p>\t\t\t\t\t\t\t\t<\/div>\n\t\t\t\t<div class=\"elementor-element elementor-element-6929fd2 elementor-widget elementor-widget-image\" data-id=\"6929fd2\" data-element_type=\"widget\" data-e-type=\"widget\" data-widget_type=\"image.default\">\n\t\t\t\t\t\t\t\t\t\t\t\t\t\t\t<img fetchpriority=\"high\" decoding=\"async\" width=\"950\" height=\"634\" src=\"https:\/\/geolab.www.civilnova.com\/wp-content\/uploads\/2026\/03\/shutterstock_2369530601.jpg\" class=\"attachment-large size-large wp-image-8002\" alt=\"\" srcset=\"https:\/\/geolab.www.civilnova.com\/wp-content\/uploads\/2026\/03\/shutterstock_2369530601.jpg 1000w, https:\/\/geolab.www.civilnova.com\/wp-content\/uploads\/2026\/03\/shutterstock_2369530601-300x200.jpg 300w, https:\/\/geolab.www.civilnova.com\/wp-content\/uploads\/2026\/03\/shutterstock_2369530601-18x12.jpg 18w, https:\/\/geolab.www.civilnova.com\/wp-content\/uploads\/2026\/03\/shutterstock_2369530601-600x400.jpg 600w\" sizes=\"100vw\" \/>\t\t\t\t\t\t\t\t\t\t\t\t\t\t\t<\/div>\n\t\t\t\t\t<\/div>\n\t\t\t\t<\/div>\n\t\t\t\t<\/div>","protected":false},"excerpt":{"rendered":"<p>Automatizaci\u00f3n de reportes y generaci\u00f3n de informes GEOLAB transforma la elaboraci\u00f3n de informes t\u00e9cnicos mediante la automatizaci\u00f3n de reportes, incluyendo columnas de sondeos y documentaci\u00f3n t\u00e9cnica compleja, en cuesti\u00f3n de segundos. Gracias a su sistema de plantillas, garantiza homogeneidad, ahorro de tiempo y reducci\u00f3n de errores. Adem\u00e1s, permite exportar la informaci\u00f3n en m\u00faltiples formatos para &hellip; <\/p>\n<p class=\"link-more\"><a href=\"https:\/\/geolab.www.civilnova.com\/en\/automatizacion-de-reportes-y-generacion-de-informes\/\" class=\"more-link\">Read more<span class=\"screen-reader-text\"> \u00abAutomatizaci\u00f3n de reportes y generaci\u00f3n de informes\u00bb<\/span><\/a><\/p>","protected":false},"author":1,"featured_media":0,"parent":0,"menu_order":0,"comment_status":"closed","ping_status":"closed","template":"","meta":{"inspiro_hide_title":false,"footnotes":""},"class_list":["post-8124","page","type-page","status-publish","hentry"],"featured_media_urls":[],"_links":{"self":[{"href":"https:\/\/geolab.www.civilnova.com\/en\/wp-json\/wp\/v2\/pages\/8124","targetHints":{"allow":["GET"]}}],"collection":[{"href":"https:\/\/geolab.www.civilnova.com\/en\/wp-json\/wp\/v2\/pages"}],"about":[{"href":"https:\/\/geolab.www.civilnova.com\/en\/wp-json\/wp\/v2\/types\/page"}],"author":[{"embeddable":true,"href":"https:\/\/geolab.www.civilnova.com\/en\/wp-json\/wp\/v2\/users\/1"}],"replies":[{"embeddable":true,"href":"https:\/\/geolab.www.civilnova.com\/en\/wp-json\/wp\/v2\/comments?post=8124"}],"version-history":[{"count":10,"href":"https:\/\/geolab.www.civilnova.com\/en\/wp-json\/wp\/v2\/pages\/8124\/revisions"}],"predecessor-version":[{"id":8206,"href":"https:\/\/geolab.www.civilnova.com\/en\/wp-json\/wp\/v2\/pages\/8124\/revisions\/8206"}],"wp:attachment":[{"href":"https:\/\/geolab.www.civilnova.com\/en\/wp-json\/wp\/v2\/media?parent=8124"}],"curies":[{"name":"wp","href":"https:\/\/api.w.org\/{rel}","templated":true}]}}