{"id":8123,"date":"2026-03-23T13:24:37","date_gmt":"2026-03-23T12:24:37","guid":{"rendered":"http:\/\/geolab.www.civilnova.com\/?page_id=8123"},"modified":"2026-03-23T15:44:44","modified_gmt":"2026-03-23T14:44:44","slug":"trabajo-colaborativo-en-la-nube","status":"publish","type":"page","link":"https:\/\/geolab.www.civilnova.com\/en\/trabajo-colaborativo-en-la-nube\/","title":{"rendered":"Collaborative work in the cloud"},"content":{"rendered":"<div data-elementor-type=\"wp-page\" data-elementor-id=\"8123\" class=\"elementor elementor-8123\">\n\t\t\t\t<div class=\"elementor-element elementor-element-4236672 e-flex e-con-boxed e-con e-parent\" data-id=\"4236672\" data-element_type=\"container\" data-e-type=\"container\">\n\t\t\t\t\t<div class=\"e-con-inner\">\n\t\t\t\t<div class=\"elementor-element elementor-element-b92a971 elementor-widget elementor-widget-heading\" data-id=\"b92a971\" data-element_type=\"widget\" data-e-type=\"widget\" data-widget_type=\"heading.default\">\n\t\t\t\t\t<h2 class=\"elementor-heading-title elementor-size-default\">Collaborative work in the cloud<\/h2>\t\t\t\t<\/div>\n\t\t\t\t<div class=\"elementor-element elementor-element-9353f76 elementor-widget elementor-widget-text-editor\" data-id=\"9353f76\" data-element_type=\"widget\" data-e-type=\"widget\" data-widget_type=\"text-editor.default\">\n\t\t\t\t\t\t\t\t\t<p>Being cloud based, GEOLAB facilitates a collaborative work environment where multiple stakeholders engineering firms, government agencies, and subcontractors can access and manage information in real time. This capability enables data sharing, team coordination, and the centralization of information from different campaigns, fostering more efficient and transparent project management.<\/p>\t\t\t\t\t\t\t\t<\/div>\n\t\t\t\t<div class=\"elementor-element elementor-element-6929fd2 elementor-widget elementor-widget-image\" data-id=\"6929fd2\" data-element_type=\"widget\" data-e-type=\"widget\" data-widget_type=\"image.default\">\n\t\t\t\t\t\t\t\t\t\t\t\t\t\t\t<img fetchpriority=\"high\" decoding=\"async\" width=\"950\" height=\"634\" src=\"https:\/\/geolab.www.civilnova.com\/wp-content\/uploads\/2026\/03\/shutterstock_21282568311.jpg\" class=\"attachment-large size-large wp-image-8030\" alt=\"\" srcset=\"https:\/\/geolab.www.civilnova.com\/wp-content\/uploads\/2026\/03\/shutterstock_21282568311.jpg 1000w, https:\/\/geolab.www.civilnova.com\/wp-content\/uploads\/2026\/03\/shutterstock_21282568311-300x200.jpg 300w, https:\/\/geolab.www.civilnova.com\/wp-content\/uploads\/2026\/03\/shutterstock_21282568311-600x400.jpg 600w, https:\/\/geolab.www.civilnova.com\/wp-content\/uploads\/2026\/03\/shutterstock_21282568311-18x12.jpg 18w\" sizes=\"100vw\" \/>\t\t\t\t\t\t\t\t\t\t\t\t\t\t\t<\/div>\n\t\t\t\t\t<\/div>\n\t\t\t\t<\/div>\n\t\t\t\t<\/div>","protected":false},"excerpt":{"rendered":"<p>Trabajo colaborativo en la nube Al estar basada en la nube, GEOLAB facilita un entorno de trabajo colaborativo donde m\u00faltiples agentes; ingenier\u00edas, administraciones y subcontratas, pueden acceder y gestionar la informaci\u00f3n en tiempo real. Esta capacidad permite compartir datos, coordinar equipos y centralizar la informaci\u00f3n de distintas campa\u00f1as, impulsando una gesti\u00f3n m\u00e1s eficiente y transparente &hellip; <\/p>\n<p class=\"link-more\"><a href=\"https:\/\/geolab.www.civilnova.com\/en\/trabajo-colaborativo-en-la-nube\/\" class=\"more-link\">Read more<span class=\"screen-reader-text\"> \u00abTrabajo colaborativo en la nube\u00bb<\/span><\/a><\/p>","protected":false},"author":1,"featured_media":0,"parent":0,"menu_order":0,"comment_status":"closed","ping_status":"closed","template":"","meta":{"inspiro_hide_title":false,"footnotes":""},"class_list":["post-8123","page","type-page","status-publish","hentry"],"featured_media_urls":[],"_links":{"self":[{"href":"https:\/\/geolab.www.civilnova.com\/en\/wp-json\/wp\/v2\/pages\/8123","targetHints":{"allow":["GET"]}}],"collection":[{"href":"https:\/\/geolab.www.civilnova.com\/en\/wp-json\/wp\/v2\/pages"}],"about":[{"href":"https:\/\/geolab.www.civilnova.com\/en\/wp-json\/wp\/v2\/types\/page"}],"author":[{"embeddable":true,"href":"https:\/\/geolab.www.civilnova.com\/en\/wp-json\/wp\/v2\/users\/1"}],"replies":[{"embeddable":true,"href":"https:\/\/geolab.www.civilnova.com\/en\/wp-json\/wp\/v2\/comments?post=8123"}],"version-history":[{"count":7,"href":"https:\/\/geolab.www.civilnova.com\/en\/wp-json\/wp\/v2\/pages\/8123\/revisions"}],"predecessor-version":[{"id":8215,"href":"https:\/\/geolab.www.civilnova.com\/en\/wp-json\/wp\/v2\/pages\/8123\/revisions\/8215"}],"wp:attachment":[{"href":"https:\/\/geolab.www.civilnova.com\/en\/wp-json\/wp\/v2\/media?parent=8123"}],"curies":[{"name":"wp","href":"https:\/\/api.w.org\/{rel}","templated":true}]}}