{"id":8122,"date":"2026-03-23T13:24:42","date_gmt":"2026-03-23T12:24:42","guid":{"rendered":"http:\/\/geolab.www.civilnova.com\/?page_id=8122"},"modified":"2026-03-23T15:45:31","modified_gmt":"2026-03-23T14:45:31","slug":"plataforma-visual-avanzada-con-gis-cad","status":"publish","type":"page","link":"https:\/\/geolab.www.civilnova.com\/en\/plataforma-visual-avanzada-con-gis-cad\/","title":{"rendered":"Plataforma visual avanzada con GIS &#038; CAD"},"content":{"rendered":"<div data-elementor-type=\"wp-page\" data-elementor-id=\"8122\" class=\"elementor elementor-8122\">\n\t\t\t\t<div class=\"elementor-element elementor-element-4236672 e-flex e-con-boxed e-con e-parent\" data-id=\"4236672\" data-element_type=\"container\" data-e-type=\"container\">\n\t\t\t\t\t<div class=\"e-con-inner\">\n\t\t\t\t<div class=\"elementor-element elementor-element-b92a971 elementor-widget elementor-widget-heading\" data-id=\"b92a971\" data-element_type=\"widget\" data-e-type=\"widget\" data-widget_type=\"heading.default\">\n\t\t\t\t\t<h2 class=\"elementor-heading-title elementor-size-default\">Advanced visual platform with GIS and CAD<\/h2>\t\t\t\t<\/div>\n\t\t\t\t<div class=\"elementor-element elementor-element-9353f76 elementor-widget elementor-widget-text-editor\" data-id=\"9353f76\" data-element_type=\"widget\" data-e-type=\"widget\" data-widget_type=\"text-editor.default\">\n\t\t\t\t\t\t\t\t\t<p>One of GEOLAB's key differentiators is its powerful visual environment based on GIS and integrated CAD tools. This allows for the contextualization of all geotechnical information on real world maps, orthophotos, or external models, providing a clear and georeferenced view of each project. Direct interaction with elements (such as boreholes or penetrometers) from the map improves understanding of the terrain and streamlines technical analysis.<\/p>\t\t\t\t\t\t\t\t<\/div>\n\t\t\t\t<div class=\"elementor-element elementor-element-6929fd2 elementor-widget elementor-widget-image\" data-id=\"6929fd2\" data-element_type=\"widget\" data-e-type=\"widget\" data-widget_type=\"image.default\">\n\t\t\t\t\t\t\t\t\t\t\t\t\t\t\t<img fetchpriority=\"high\" decoding=\"async\" width=\"950\" height=\"607\" src=\"https:\/\/geolab.www.civilnova.com\/wp-content\/uploads\/2026\/03\/shutterstock_2686571943.jpg\" class=\"attachment-large size-large wp-image-8007\" alt=\"\" srcset=\"https:\/\/geolab.www.civilnova.com\/wp-content\/uploads\/2026\/03\/shutterstock_2686571943.jpg 1000w, https:\/\/geolab.www.civilnova.com\/wp-content\/uploads\/2026\/03\/shutterstock_2686571943-300x192.jpg 300w, https:\/\/geolab.www.civilnova.com\/wp-content\/uploads\/2026\/03\/shutterstock_2686571943-18x12.jpg 18w, https:\/\/geolab.www.civilnova.com\/wp-content\/uploads\/2026\/03\/shutterstock_2686571943-600x383.jpg 600w\" sizes=\"100vw\" \/>\t\t\t\t\t\t\t\t\t\t\t\t\t\t\t<\/div>\n\t\t\t\t\t<\/div>\n\t\t\t\t<\/div>\n\t\t\t\t<\/div>","protected":false},"excerpt":{"rendered":"<p>Plataforma visual avanzada con GIS &amp; CAD Uno de los grandes diferenciales de GEOLAB es su potente entorno visual basado en GIS y herramientas CAD integradas. Esto permite contextualizar toda la informaci\u00f3n geot\u00e9cnica sobre cartograf\u00eda real, ortofotos o modelos externos, ofreciendo una visi\u00f3n clara y georreferenciada de cada proyecto. La interacci\u00f3n directa con los elementos &hellip; <\/p>\n<p class=\"link-more\"><a href=\"https:\/\/geolab.www.civilnova.com\/en\/plataforma-visual-avanzada-con-gis-cad\/\" class=\"more-link\">Read more<span class=\"screen-reader-text\"> \u00abPlataforma visual avanzada con GIS &#038; CAD\u00bb<\/span><\/a><\/p>","protected":false},"author":1,"featured_media":0,"parent":0,"menu_order":0,"comment_status":"closed","ping_status":"closed","template":"","meta":{"inspiro_hide_title":false,"footnotes":""},"class_list":["post-8122","page","type-page","status-publish","hentry"],"featured_media_urls":[],"_links":{"self":[{"href":"https:\/\/geolab.www.civilnova.com\/en\/wp-json\/wp\/v2\/pages\/8122","targetHints":{"allow":["GET"]}}],"collection":[{"href":"https:\/\/geolab.www.civilnova.com\/en\/wp-json\/wp\/v2\/pages"}],"about":[{"href":"https:\/\/geolab.www.civilnova.com\/en\/wp-json\/wp\/v2\/types\/page"}],"author":[{"embeddable":true,"href":"https:\/\/geolab.www.civilnova.com\/en\/wp-json\/wp\/v2\/users\/1"}],"replies":[{"embeddable":true,"href":"https:\/\/geolab.www.civilnova.com\/en\/wp-json\/wp\/v2\/comments?post=8122"}],"version-history":[{"count":7,"href":"https:\/\/geolab.www.civilnova.com\/en\/wp-json\/wp\/v2\/pages\/8122\/revisions"}],"predecessor-version":[{"id":8218,"href":"https:\/\/geolab.www.civilnova.com\/en\/wp-json\/wp\/v2\/pages\/8122\/revisions\/8218"}],"wp:attachment":[{"href":"https:\/\/geolab.www.civilnova.com\/en\/wp-json\/wp\/v2\/media?parent=8122"}],"curies":[{"name":"wp","href":"https:\/\/api.w.org\/{rel}","templated":true}]}}