{"id":8116,"date":"2026-03-23T13:17:32","date_gmt":"2026-03-23T12:17:32","guid":{"rendered":"http:\/\/geolab.www.civilnova.com\/?page_id=8116"},"modified":"2026-03-23T13:38:25","modified_gmt":"2026-03-23T12:38:25","slug":"gestion-integral-de-campanas-geotecnicas","status":"publish","type":"page","link":"https:\/\/geolab.www.civilnova.com\/en\/gestion-integral-de-campanas-geotecnicas\/","title":{"rendered":"Comprehensive management of geotechnical campaigns"},"content":{"rendered":"<div data-elementor-type=\"wp-page\" data-elementor-id=\"8116\" class=\"elementor elementor-8116\">\n\t\t\t\t<div class=\"elementor-element elementor-element-4236672 e-flex e-con-boxed e-con e-parent\" data-id=\"4236672\" data-element_type=\"container\" data-e-type=\"container\">\n\t\t\t\t\t<div class=\"e-con-inner\">\n\t\t\t\t<div class=\"elementor-element elementor-element-b92a971 elementor-widget elementor-widget-heading\" data-id=\"b92a971\" data-element_type=\"widget\" data-e-type=\"widget\" data-widget_type=\"heading.default\">\n\t\t\t\t\t<h2 class=\"elementor-heading-title elementor-size-default\">Comprehensive management of geotechnical campaigns<\/h2>\t\t\t\t<\/div>\n\t\t\t\t<div class=\"elementor-element elementor-element-9353f76 elementor-widget elementor-widget-text-editor\" data-id=\"9353f76\" data-element_type=\"widget\" data-e-type=\"widget\" data-widget_type=\"text-editor.default\">\n\t\t\t\t\t\t\t\t\t<p>GEOLAB is a platform designed to centralize and optimize the complete management of geotechnical campaigns, from planning to results analysis. It allows for the management of boreholes, test pits, laboratory tests, and geophysical surveys in a single digital environment, facilitating traceability and significantly reducing operational times. Thanks to its comprehensive approach, organizations can make more informed decisions based on structured data that is accessible at all times.<\/p>\t\t\t\t\t\t\t\t<\/div>\n\t\t\t\t<div class=\"elementor-element elementor-element-6929fd2 elementor-widget elementor-widget-image\" data-id=\"6929fd2\" data-element_type=\"widget\" data-e-type=\"widget\" data-widget_type=\"image.default\">\n\t\t\t\t\t\t\t\t\t\t\t\t\t\t\t<img fetchpriority=\"high\" decoding=\"async\" width=\"950\" height=\"634\" src=\"https:\/\/geolab.www.civilnova.com\/wp-content\/uploads\/2026\/03\/shutterstock_2201161539-1.jpg\" class=\"attachment-large size-large wp-image-8093\" alt=\"\" srcset=\"https:\/\/geolab.www.civilnova.com\/wp-content\/uploads\/2026\/03\/shutterstock_2201161539-1.jpg 1000w, https:\/\/geolab.www.civilnova.com\/wp-content\/uploads\/2026\/03\/shutterstock_2201161539-1-300x200.jpg 300w, https:\/\/geolab.www.civilnova.com\/wp-content\/uploads\/2026\/03\/shutterstock_2201161539-1-18x12.jpg 18w, https:\/\/geolab.www.civilnova.com\/wp-content\/uploads\/2026\/03\/shutterstock_2201161539-1-600x400.jpg 600w\" sizes=\"100vw\" \/>\t\t\t\t\t\t\t\t\t\t\t\t\t\t\t<\/div>\n\t\t\t\t\t<\/div>\n\t\t\t\t<\/div>\n\t\t\t\t<\/div>","protected":false},"excerpt":{"rendered":"<p>Gesti\u00f3n integral de campa\u00f1as geot\u00e9cnicas GEOLAB es una plataforma dise\u00f1ada para centralizar y optimizar la gesti\u00f3n completa de campa\u00f1as geot\u00e9cnicas, desde la planificaci\u00f3n hasta la explotaci\u00f3n de resultados. Permite administrar sondeos, catas, ensayos de laboratorio y geof\u00edsica en un \u00fanico entorno digital, facilitando la trazabilidad y reduciendo significativamente los tiempos operativos. Gracias a su enfoque &hellip; <\/p>\n<p class=\"link-more\"><a href=\"https:\/\/geolab.www.civilnova.com\/en\/gestion-integral-de-campanas-geotecnicas\/\" class=\"more-link\">Read more<span class=\"screen-reader-text\"> \u00abGesti\u00f3n integral de campa\u00f1as geot\u00e9cnicas\u00bb<\/span><\/a><\/p>","protected":false},"author":1,"featured_media":0,"parent":0,"menu_order":0,"comment_status":"closed","ping_status":"closed","template":"","meta":{"inspiro_hide_title":false,"footnotes":""},"class_list":["post-8116","page","type-page","status-publish","hentry"],"featured_media_urls":[],"_links":{"self":[{"href":"https:\/\/geolab.www.civilnova.com\/en\/wp-json\/wp\/v2\/pages\/8116","targetHints":{"allow":["GET"]}}],"collection":[{"href":"https:\/\/geolab.www.civilnova.com\/en\/wp-json\/wp\/v2\/pages"}],"about":[{"href":"https:\/\/geolab.www.civilnova.com\/en\/wp-json\/wp\/v2\/types\/page"}],"author":[{"embeddable":true,"href":"https:\/\/geolab.www.civilnova.com\/en\/wp-json\/wp\/v2\/users\/1"}],"replies":[{"embeddable":true,"href":"https:\/\/geolab.www.civilnova.com\/en\/wp-json\/wp\/v2\/comments?post=8116"}],"version-history":[{"count":11,"href":"https:\/\/geolab.www.civilnova.com\/en\/wp-json\/wp\/v2\/pages\/8116\/revisions"}],"predecessor-version":[{"id":8166,"href":"https:\/\/geolab.www.civilnova.com\/en\/wp-json\/wp\/v2\/pages\/8116\/revisions\/8166"}],"wp:attachment":[{"href":"https:\/\/geolab.www.civilnova.com\/en\/wp-json\/wp\/v2\/media?parent=8116"}],"curies":[{"name":"wp","href":"https:\/\/api.w.org\/{rel}","templated":true}]}}