{"id":7094,"date":"2026-01-22T11:33:37","date_gmt":"2026-01-22T10:33:37","guid":{"rendered":"http:\/\/www.civilnova.com\/?page_id=7094"},"modified":"2026-03-25T15:09:00","modified_gmt":"2026-03-25T14:09:00","slug":"nosotros-2","status":"publish","type":"page","link":"https:\/\/geolab.www.civilnova.com\/en\/nosotros-2\/","title":{"rendered":"Nosotros"},"content":{"rendered":"<div data-elementor-type=\"wp-page\" data-elementor-id=\"7094\" class=\"elementor elementor-7094\">\n\t\t\t\t<div class=\"elementor-element elementor-element-3eeb80e e-flex e-con-boxed e-con e-parent\" data-id=\"3eeb80e\" data-element_type=\"container\" data-e-type=\"container\">\n\t\t\t\t\t<div class=\"e-con-inner\">\n\t\t<div class=\"elementor-element elementor-element-05e8c4a e-con-full e-flex e-con e-child\" data-id=\"05e8c4a\" data-element_type=\"container\" data-e-type=\"container\">\n\t\t\t\t<div class=\"elementor-element elementor-element-00a2cb8 elementor-widget elementor-widget-heading\" data-id=\"00a2cb8\" data-element_type=\"widget\" data-e-type=\"widget\" data-widget_type=\"heading.default\">\n\t\t\t\t\t<h1 class=\"elementor-heading-title elementor-size-default\">Geolab<\/h1>\t\t\t\t<\/div>\n\t\t\t\t<\/div>\n\t\t\t\t\t<\/div>\n\t\t\t\t<\/div>\n\t\t\t\t<section class=\"elementor-section elementor-top-section elementor-element elementor-element-af2bee8 elementor-section-boxed elementor-section-height-default elementor-section-height-default\" data-id=\"af2bee8\" data-element_type=\"section\" data-e-type=\"section\">\n\t\t\t\t\t\t<div class=\"elementor-container elementor-column-gap-no\">\n\t\t\t\t\t<div class=\"elementor-column elementor-col-100 elementor-top-column elementor-element elementor-element-14a0a431\" data-id=\"14a0a431\" data-element_type=\"column\" data-e-type=\"column\">\n\t\t\t<div class=\"elementor-widget-wrap elementor-element-populated\">\n\t\t\t\t\t\t<section class=\"elementor-section elementor-inner-section elementor-element elementor-element-5b5034c8 elementor-section-full_width elementor-section-height-default elementor-section-height-default\" data-id=\"5b5034c8\" data-element_type=\"section\" data-e-type=\"section\">\n\t\t\t\t\t\t<div class=\"elementor-container elementor-column-gap-no\">\n\t\t\t\t\t<div class=\"elementor-column elementor-col-100 elementor-inner-column elementor-element elementor-element-4bda2bc3\" data-id=\"4bda2bc3\" data-element_type=\"column\" data-e-type=\"column\">\n\t\t\t<div class=\"elementor-widget-wrap elementor-element-populated\">\n\t\t\t\t\t\t<div class=\"elementor-element elementor-element-52cce79b elementor-widget elementor-widget-text-editor\" data-id=\"52cce79b\" data-element_type=\"widget\" data-e-type=\"widget\" data-widget_type=\"text-editor.default\">\n\t\t\t\t\t\t\t\t\t<p>At Civilnova, we develop technological solutions to improve the management, analysis, and use of data in civil engineering projects. Our commitment is to offer robust, intuitive tools tailored to the real needs of professionals in the sector.<\/p><p>GEOLAB is the result of years of experience developing platforms for infrastructure, geotechnical engineering, and technical management. We have created a versatile, scalable system designed for collaborative work among government agencies, engineering firms, contractors, and laboratories.<\/p>\t\t\t\t\t\t\t\t<\/div>\n\t\t\t\t\t<\/div>\n\t\t<\/div>\n\t\t\t\t\t<\/div>\n\t\t<\/section>\n\t\t\t\t\t<\/div>\n\t\t<\/div>\n\t\t\t\t\t<\/div>\n\t\t<\/section>\n\t\t<div class=\"elementor-element elementor-element-c9396bd e-grid e-con-boxed e-con e-parent\" data-id=\"c9396bd\" data-element_type=\"container\" data-e-type=\"container\">\n\t\t\t\t\t<div class=\"e-con-inner\">\n\t\t\t\t<div class=\"elementor-element elementor-element-c7599cf elementor-widget elementor-widget-text-editor\" data-id=\"c7599cf\" data-element_type=\"widget\" data-e-type=\"widget\" data-widget_type=\"text-editor.default\">\n\t\t\t\t\t\t\t\t\t<h3><strong>Our philosophy<\/strong><\/h3><p>Simplicity: easy to use tools, even in complex projects.<\/p><p>Efficiency: process automation and time reduction.<\/p><p>Connectivity: integration with external systems and distributed work.<\/p><p>Reliability: secure, traceable and always accessible data.<\/p><p>Support: close and continuous technical assistance.<\/p><p>Civilnova doesn't just develop software: we build solutions that drive the engineering of the future.<\/p>\t\t\t\t\t\t\t\t<\/div>\n\t\t\t\t<div class=\"elementor-element elementor-element-b9f4f45 elementor-widget elementor-widget-image\" data-id=\"b9f4f45\" data-element_type=\"widget\" data-e-type=\"widget\" data-widget_type=\"image.default\">\n\t\t\t\t\t\t\t\t\t\t\t\t\t\t\t<img fetchpriority=\"high\" decoding=\"async\" width=\"950\" height=\"636\" src=\"https:\/\/geolab.www.civilnova.com\/wp-content\/uploads\/2026\/03\/shutterstock_1871646343.jpg\" class=\"attachment-large size-large wp-image-7999\" alt=\"\" srcset=\"https:\/\/geolab.www.civilnova.com\/wp-content\/uploads\/2026\/03\/shutterstock_1871646343.jpg 1000w, https:\/\/geolab.www.civilnova.com\/wp-content\/uploads\/2026\/03\/shutterstock_1871646343-300x201.jpg 300w, https:\/\/geolab.www.civilnova.com\/wp-content\/uploads\/2026\/03\/shutterstock_1871646343-600x401.jpg 600w, https:\/\/geolab.www.civilnova.com\/wp-content\/uploads\/2026\/03\/shutterstock_1871646343-18x12.jpg 18w\" sizes=\"100vw\" \/>\t\t\t\t\t\t\t\t\t\t\t\t\t\t\t<\/div>\n\t\t\t\t\t<\/div>\n\t\t\t\t<\/div>\n\t\t<div class=\"elementor-element elementor-element-fa7ad18 e-grid e-con-boxed e-con e-parent\" data-id=\"fa7ad18\" data-element_type=\"container\" data-e-type=\"container\">\n\t\t\t\t\t<div class=\"e-con-inner\">\n\t\t\t\t<div class=\"elementor-element elementor-element-9741121 elementor-widget elementor-widget-image\" data-id=\"9741121\" data-element_type=\"widget\" data-e-type=\"widget\" data-widget_type=\"image.default\">\n\t\t\t\t\t\t\t\t\t\t\t\t\t\t\t\t<a href=\"https:\/\/ances.com\/sello-eibt-ances\">\n\t\t\t\t\t\t\t<img decoding=\"async\" src=\"http:\/\/www.civilnova.com\/wp-content\/uploads\/2026\/02\/EIBT_resized.png\" title=\"\" alt=\"\" loading=\"lazy\" \/>\t\t\t\t\t\t\t\t<\/a>\n\t\t\t\t\t\t\t\t\t\t\t\t\t\t\t<\/div>\n\t\t\t\t<div class=\"elementor-element elementor-element-d8fbba1 elementor-widget elementor-widget-image\" data-id=\"d8fbba1\" data-element_type=\"widget\" data-e-type=\"widget\" data-widget_type=\"image.default\">\n\t\t\t\t\t\t\t\t\t\t\t\t\t\t\t\t<a href=\"https:\/\/www.buildingsmart.es\/\">\n\t\t\t\t\t\t\t<img decoding=\"async\" src=\"http:\/\/www.civilnova.com\/wp-content\/uploads\/2026\/02\/buidlingSMART_330-1.jpg\" title=\"\" alt=\"\" loading=\"lazy\" \/>\t\t\t\t\t\t\t\t<\/a>\n\t\t\t\t\t\t\t\t\t\t\t\t\t\t\t<\/div>\n\t\t\t\t\t<\/div>\n\t\t\t\t<\/div>\n\t\t\t\t<\/div>","protected":false},"excerpt":{"rendered":"<p>Geolab En Civilnova desarrollamos soluciones tecnol\u00f3gicas para mejorar la gesti\u00f3n, el an\u00e1lisis y la explotaci\u00f3n de datos en proyectos de ingenier\u00eda civil. Nuestro compromiso es ofrecer herramientas robustas, intuitivas y adaptadas a las necesidades reales de los profesionales del sector. GEOLAB es el resultado de a\u00f1os de experiencia en el desarrollo de plataformas para infraestructuras, &hellip; <\/p>\n<p class=\"link-more\"><a href=\"https:\/\/geolab.www.civilnova.com\/en\/nosotros-2\/\" class=\"more-link\">Read more<span class=\"screen-reader-text\"> \u00abNosotros\u00bb<\/span><\/a><\/p>","protected":false},"author":2,"featured_media":0,"parent":0,"menu_order":0,"comment_status":"closed","ping_status":"closed","template":"","meta":{"inspiro_hide_title":false,"footnotes":""},"class_list":["post-7094","page","type-page","status-publish","hentry"],"featured_media_urls":[],"_links":{"self":[{"href":"https:\/\/geolab.www.civilnova.com\/en\/wp-json\/wp\/v2\/pages\/7094","targetHints":{"allow":["GET"]}}],"collection":[{"href":"https:\/\/geolab.www.civilnova.com\/en\/wp-json\/wp\/v2\/pages"}],"about":[{"href":"https:\/\/geolab.www.civilnova.com\/en\/wp-json\/wp\/v2\/types\/page"}],"author":[{"embeddable":true,"href":"https:\/\/geolab.www.civilnova.com\/en\/wp-json\/wp\/v2\/users\/2"}],"replies":[{"embeddable":true,"href":"https:\/\/geolab.www.civilnova.com\/en\/wp-json\/wp\/v2\/comments?post=7094"}],"version-history":[{"count":15,"href":"https:\/\/geolab.www.civilnova.com\/en\/wp-json\/wp\/v2\/pages\/7094\/revisions"}],"predecessor-version":[{"id":8286,"href":"https:\/\/geolab.www.civilnova.com\/en\/wp-json\/wp\/v2\/pages\/7094\/revisions\/8286"}],"wp:attachment":[{"href":"https:\/\/geolab.www.civilnova.com\/en\/wp-json\/wp\/v2\/media?parent=7094"}],"curies":[{"name":"wp","href":"https:\/\/api.w.org\/{rel}","templated":true}]}}